{"id":44,"date":"2026-05-17T00:56:24","date_gmt":"2026-05-16T22:56:24","guid":{"rendered":"https:\/\/excela.hiseo.cz\/?page_id=44"},"modified":"2026-05-17T00:56:53","modified_gmt":"2026-05-16T22:56:53","slug":"vedeni-ucetnictvi","status":"publish","type":"page","link":"https:\/\/excela.hiseo.cz\/?page_id=44","title":{"rendered":"Veden\u00ed \u00fa\u010detnictv\u00ed"},"content":{"rendered":"\t\t<div data-elementor-type=\"wp-page\" data-elementor-id=\"44\" class=\"elementor elementor-44\" data-elementor-post-type=\"page\">\n\t\t\t\t<div class=\"elementor-element elementor-element-3e399be2 e-con-full e-flex e-con e-parent\" data-id=\"3e399be2\" data-element_type=\"container\" data-e-type=\"container\">\n\t\t\t\t<div class=\"elementor-element elementor-element-58c5977e elementor-invisible elementor-widget elementor-widget-heading\" data-id=\"58c5977e\" data-element_type=\"widget\" data-e-type=\"widget\" data-settings=\"{&quot;_animation&quot;:&quot;slideInUp&quot;}\" data-widget_type=\"heading.default\">\n\t\t\t\t\t<h2 class=\"elementor-heading-title elementor-size-default\">\u00da\u010detnictv\u00ed<\/h2>\t\t\t\t<\/div>\n\t\t<div class=\"elementor-element elementor-element-419c3a34 e-flex e-con-boxed e-con e-child\" data-id=\"419c3a34\" data-element_type=\"container\" data-e-type=\"container\">\n\t\t\t\t\t<div class=\"e-con-inner\">\n\t\t<div class=\"elementor-element elementor-element-3bebe77d e-con-full e-flex elementor-invisible e-con e-child\" data-id=\"3bebe77d\" data-element_type=\"container\" data-e-type=\"container\" data-settings=\"{&quot;animation&quot;:&quot;slideInUp&quot;}\">\n\t\t\t\t<div class=\"elementor-element elementor-element-19a67947 elementor-widget elementor-widget-image\" data-id=\"19a67947\" data-element_type=\"widget\" data-e-type=\"widget\" data-widget_type=\"image.default\">\n\t\t\t\t\t\t\t\t\t\t\t\t\t\t\t<img decoding=\"async\" src=\"https:\/\/excela.hiseo.cz\/wp-content\/plugins\/elementor\/assets\/images\/placeholder.png\" title=\"\" alt=\"\" loading=\"lazy\" \/>\t\t\t\t\t\t\t\t\t\t\t\t\t\t\t<\/div>\n\t\t\t\t<\/div>\n\t\t<div class=\"elementor-element elementor-element-4751fe5e e-con-full animated-slow e-flex elementor-invisible e-con e-child\" data-id=\"4751fe5e\" data-element_type=\"container\" data-e-type=\"container\" data-settings=\"{&quot;background_background&quot;:&quot;gradient&quot;,&quot;animation&quot;:&quot;slideInUp&quot;,&quot;animation_delay&quot;:300}\">\n\t\t\t\t<div class=\"elementor-element elementor-element-673dd200 elementor-widget elementor-widget-heading\" data-id=\"673dd200\" data-element_type=\"widget\" data-e-type=\"widget\" data-widget_type=\"heading.default\">\n\t\t\t\t\t<h2 class=\"elementor-heading-title elementor-size-default\">Veden\u00ed \u00fa\u010detnictv\u00ed<\/h2>\t\t\t\t<\/div>\n\t\t\t\t<div class=\"elementor-element elementor-element-28428a7a elementor-widget elementor-widget-text-editor\" data-id=\"28428a7a\" data-element_type=\"widget\" data-e-type=\"widget\" data-widget_type=\"text-editor.default\">\n\t\t\t\t\t\t\t\t\t<p><strong>Nab\u00edz\u00edme kompletn\u00ed veden\u00ed \u00fa\u010detnictv\u00ed pro firmy a organizace v\u0161ech velikost\u00ed a zam\u011b\u0159en\u00ed. Na\u0161e slu\u017eby jsou p\u0159izp\u016fsobeny va\u0161im pot\u0159eb\u00e1m a zaji\u0161\u0165ujeme nejen zpracov\u00e1n\u00ed ve\u0161ker\u00fdch \u00fa\u010detn\u00edch doklad\u016f, ale tak\u00e9 jejich p\u0159ehledn\u00e9 evidov\u00e1n\u00ed v souladu s platnou legislativou a \u010desk\u00fdmi \u00fa\u010detn\u00edmi standardy. <\/strong><\/p>\n<p>Jsme schopni pracovat jak na va\u0161em, tak na na\u0161em \u00fa\u010detn\u00edm softwaru. D\u00edky elektronick\u00e9 komunikaci poskytujeme slu\u017eby bez nutnosti osobn\u00edho p\u0159ed\u00e1v\u00e1n\u00ed doklad\u016f, tak\u017ee m\u016f\u017eeme spolupracovat odkudkoliv. Zajist\u00edme v\u00e1m tak\u00e9 pravideln\u00fd reporting, aby bylo v\u0161e p\u0159ehledn\u00e9 a transparentn\u00ed. Na\u0161e slu\u017eby jsou vhodn\u00e9 jak pro mal\u00e9, st\u0159edn\u00ed, tak i velk\u00e9 podniky, a na\u0161\u00edm c\u00edlem je maxim\u00e1ln\u00ed spokojenost klienta.<\/p>\t\t\t\t\t\t\t\t<\/div>\n\t\t\t\t<\/div>\n\t\t\t\t\t<\/div>\n\t\t\t\t<\/div>\n\t\t\t\t<\/div>\n\t\t\t\t<\/div>\n\t\t","protected":false},"excerpt":{"rendered":"<p>\u00da\u010detnictv\u00ed Nab\u00edz\u00edme kompletn\u00ed veden\u00ed \u00fa\u010detnictv\u00ed pro firmy a organizace v\u0161ech velikost\u00ed a zam\u011b\u0159en\u00ed. Na\u0161e slu\u017eby jsou p\u0159izp\u016fsobeny va\u0161im pot\u0159eb\u00e1m a zaji\u0161\u0165ujeme nejen zpracov\u00e1n\u00ed ve\u0161ker\u00fdch \u00fa\u010detn\u00edch doklad\u016f, ale tak\u00e9 jejich p\u0159ehledn\u00e9 evidov\u00e1n\u00ed v souladu s platnou legislativou a \u010desk\u00fdmi \u00fa\u010detn\u00edmi standardy. Jsme schopni pracovat jak na va\u0161em, tak na na\u0161em \u00fa\u010detn\u00edm softwaru. D\u00edky elektronick\u00e9 komunikaci poskytujeme [&hellip;]<\/p>\n","protected":false},"author":1,"featured_media":0,"parent":0,"menu_order":0,"comment_status":"closed","ping_status":"closed","template":"","meta":{"footnotes":""},"class_list":["post-44","page","type-page","status-publish","hentry"],"_links":{"self":[{"href":"https:\/\/excela.hiseo.cz\/index.php?rest_route=\/wp\/v2\/pages\/44","targetHints":{"allow":["GET"]}}],"collection":[{"href":"https:\/\/excela.hiseo.cz\/index.php?rest_route=\/wp\/v2\/pages"}],"about":[{"href":"https:\/\/excela.hiseo.cz\/index.php?rest_route=\/wp\/v2\/types\/page"}],"author":[{"embeddable":true,"href":"https:\/\/excela.hiseo.cz\/index.php?rest_route=\/wp\/v2\/users\/1"}],"replies":[{"embeddable":true,"href":"https:\/\/excela.hiseo.cz\/index.php?rest_route=%2Fwp%2Fv2%2Fcomments&post=44"}],"version-history":[{"count":4,"href":"https:\/\/excela.hiseo.cz\/index.php?rest_route=\/wp\/v2\/pages\/44\/revisions"}],"predecessor-version":[{"id":104,"href":"https:\/\/excela.hiseo.cz\/index.php?rest_route=\/wp\/v2\/pages\/44\/revisions\/104"}],"wp:attachment":[{"href":"https:\/\/excela.hiseo.cz\/index.php?rest_route=%2Fwp%2Fv2%2Fmedia&parent=44"}],"curies":[{"name":"wp","href":"https:\/\/api.w.org\/{rel}","templated":true}]}}