{"id":40,"date":"2026-05-17T00:56:23","date_gmt":"2026-05-16T22:56:23","guid":{"rendered":"https:\/\/excela.hiseo.cz\/?page_id=40"},"modified":"2026-05-17T00:58:02","modified_gmt":"2026-05-16T22:58:02","slug":"danova-evidence","status":"publish","type":"page","link":"https:\/\/excela.hiseo.cz\/?page_id=40","title":{"rendered":"Da\u0148ov\u00e1 evidence"},"content":{"rendered":"\t\t<div data-elementor-type=\"wp-page\" data-elementor-id=\"40\" class=\"elementor elementor-40\" data-elementor-post-type=\"page\">\n\t\t\t\t<div class=\"elementor-element elementor-element-62ace06c e-con-full e-flex e-con e-parent\" data-id=\"62ace06c\" data-element_type=\"container\" data-e-type=\"container\">\n\t\t\t\t<div class=\"elementor-element elementor-element-40275d63 elementor-invisible elementor-widget elementor-widget-heading\" data-id=\"40275d63\" data-element_type=\"widget\" data-e-type=\"widget\" data-settings=\"{&quot;_animation&quot;:&quot;slideInUp&quot;}\" data-widget_type=\"heading.default\">\n\t\t\t\t\t<h2 class=\"elementor-heading-title elementor-size-default\">Evidence<\/h2>\t\t\t\t<\/div>\n\t\t<div class=\"elementor-element elementor-element-23d1c9be e-flex e-con-boxed e-con e-child\" data-id=\"23d1c9be\" data-element_type=\"container\" data-e-type=\"container\">\n\t\t\t\t\t<div class=\"e-con-inner\">\n\t\t<div class=\"elementor-element elementor-element-44374c60 e-con-full e-flex elementor-invisible e-con e-child\" data-id=\"44374c60\" data-element_type=\"container\" data-e-type=\"container\" data-settings=\"{&quot;animation&quot;:&quot;slideInUp&quot;}\">\n\t\t\t\t<div class=\"elementor-element elementor-element-2dc3c3f5 elementor-widget elementor-widget-image\" data-id=\"2dc3c3f5\" data-element_type=\"widget\" data-e-type=\"widget\" data-widget_type=\"image.default\">\n\t\t\t\t\t\t\t\t\t\t\t\t\t\t\t<img fetchpriority=\"high\" decoding=\"async\" width=\"800\" height=\"534\" src=\"https:\/\/excela.hiseo.cz\/wp-content\/uploads\/2026\/05\/arelas-d-1024x683.webp\" class=\"attachment-large size-large wp-image-41\" alt=\"\" srcset=\"https:\/\/excela.hiseo.cz\/wp-content\/uploads\/2026\/05\/arelas-d-1024x683.webp 1024w, https:\/\/excela.hiseo.cz\/wp-content\/uploads\/2026\/05\/arelas-d-300x200.webp 300w, https:\/\/excela.hiseo.cz\/wp-content\/uploads\/2026\/05\/arelas-d-768x512.webp 768w, https:\/\/excela.hiseo.cz\/wp-content\/uploads\/2026\/05\/arelas-d-1536x1024.webp 1536w, https:\/\/excela.hiseo.cz\/wp-content\/uploads\/2026\/05\/arelas-d.webp 1920w\" sizes=\"(max-width: 800px) 100vw, 800px\" \/>\t\t\t\t\t\t\t\t\t\t\t\t\t\t\t<\/div>\n\t\t\t\t<\/div>\n\t\t<div class=\"elementor-element elementor-element-1fe86bc0 e-con-full animated-slow e-flex elementor-invisible e-con e-child\" data-id=\"1fe86bc0\" data-element_type=\"container\" data-e-type=\"container\" data-settings=\"{&quot;background_background&quot;:&quot;gradient&quot;,&quot;animation&quot;:&quot;slideInUp&quot;,&quot;animation_delay&quot;:300}\">\n\t\t\t\t<div class=\"elementor-element elementor-element-6503ba13 elementor-widget elementor-widget-heading\" data-id=\"6503ba13\" data-element_type=\"widget\" data-e-type=\"widget\" data-widget_type=\"heading.default\">\n\t\t\t\t\t<h2 class=\"elementor-heading-title elementor-size-default\">Da\u0148ov\u00e1 evidence<\/h2>\t\t\t\t<\/div>\n\t\t\t\t<div class=\"elementor-element elementor-element-30b28f5e elementor-widget elementor-widget-text-editor\" data-id=\"30b28f5e\" data-element_type=\"widget\" data-e-type=\"widget\" data-widget_type=\"text-editor.default\">\n\t\t\t\t\t\t\t\t\t<p><strong>Poskytujeme profesion\u00e1ln\u00ed veden\u00ed da\u0148ov\u00e9 evidence pro fyzick\u00e9 osoby, podnikatele a mal\u00e9 firmy (OSV\u010c), kter\u00e9 nejsou povinny v\u00e9st podvojn\u00e9 \u00fa\u010detnictv\u00ed. Na\u0161e slu\u017eby zahrnuj\u00ed zpracov\u00e1n\u00ed v\u0161ech da\u0148ov\u00fdch doklad\u016f, sledov\u00e1n\u00ed n\u00e1klad\u016f a v\u00fdnos\u016f (p\u0159\u00edjm\u016f a v\u00fddaj\u016f), a spr\u00e1vn\u00e9 za\u0159azen\u00ed do da\u0148ov\u00e9 evidence v souladu s platnou legislativou. Specializujeme se na optimalizaci da\u0148ov\u00fdch n\u00e1klad\u016f (v\u00fddaj\u016f) a zaji\u0161t\u011bn\u00ed p\u0159esn\u00fdch a v\u010dasn\u00fdch podklad\u016f pro da\u0148ov\u00e1 p\u0159izn\u00e1n\u00ed. <\/strong><\/p>\n<p>D\u00edky modern\u00edm technologi\u00edm poskytujeme na\u0161e slu\u017eby online, co\u017e v\u00e1m umo\u017en\u00ed snadn\u00fd a rychl\u00fd p\u0159\u00edstup k aktu\u00e1ln\u00edm informac\u00edm o va\u0161em podnik\u00e1n\u00ed odkudkoliv. U\u0161et\u0159\u00edme v\u00e1m \u010das i starosti s da\u0148ov\u00fdmi povinnostmi a postar\u00e1me se o v\u0161e pot\u0159ebn\u00e9 za v\u00e1s.<\/p>\t\t\t\t\t\t\t\t<\/div>\n\t\t\t\t<\/div>\n\t\t\t\t\t<\/div>\n\t\t\t\t<\/div>\n\t\t\t\t<\/div>\n\t\t\t\t<\/div>\n\t\t","protected":false},"excerpt":{"rendered":"<p>Evidence Da\u0148ov\u00e1 evidence Poskytujeme profesion\u00e1ln\u00ed veden\u00ed da\u0148ov\u00e9 evidence pro fyzick\u00e9 osoby, podnikatele a mal\u00e9 firmy (OSV\u010c), kter\u00e9 nejsou povinny v\u00e9st podvojn\u00e9 \u00fa\u010detnictv\u00ed. Na\u0161e slu\u017eby zahrnuj\u00ed zpracov\u00e1n\u00ed v\u0161ech da\u0148ov\u00fdch doklad\u016f, sledov\u00e1n\u00ed n\u00e1klad\u016f a v\u00fdnos\u016f (p\u0159\u00edjm\u016f a v\u00fddaj\u016f), a spr\u00e1vn\u00e9 za\u0159azen\u00ed do da\u0148ov\u00e9 evidence v souladu s platnou legislativou. Specializujeme se na optimalizaci da\u0148ov\u00fdch n\u00e1klad\u016f (v\u00fddaj\u016f) a [&hellip;]<\/p>\n","protected":false},"author":1,"featured_media":0,"parent":0,"menu_order":0,"comment_status":"closed","ping_status":"closed","template":"","meta":{"footnotes":""},"class_list":["post-40","page","type-page","status-publish","hentry"],"_links":{"self":[{"href":"https:\/\/excela.hiseo.cz\/index.php?rest_route=\/wp\/v2\/pages\/40","targetHints":{"allow":["GET"]}}],"collection":[{"href":"https:\/\/excela.hiseo.cz\/index.php?rest_route=\/wp\/v2\/pages"}],"about":[{"href":"https:\/\/excela.hiseo.cz\/index.php?rest_route=\/wp\/v2\/types\/page"}],"author":[{"embeddable":true,"href":"https:\/\/excela.hiseo.cz\/index.php?rest_route=\/wp\/v2\/users\/1"}],"replies":[{"embeddable":true,"href":"https:\/\/excela.hiseo.cz\/index.php?rest_route=%2Fwp%2Fv2%2Fcomments&post=40"}],"version-history":[{"count":9,"href":"https:\/\/excela.hiseo.cz\/index.php?rest_route=\/wp\/v2\/pages\/40\/revisions"}],"predecessor-version":[{"id":118,"href":"https:\/\/excela.hiseo.cz\/index.php?rest_route=\/wp\/v2\/pages\/40\/revisions\/118"}],"wp:attachment":[{"href":"https:\/\/excela.hiseo.cz\/index.php?rest_route=%2Fwp%2Fv2%2Fmedia&parent=40"}],"curies":[{"name":"wp","href":"https:\/\/api.w.org\/{rel}","templated":true}]}}