{"id":37,"date":"2026-05-17T00:56:20","date_gmt":"2026-05-16T22:56:20","guid":{"rendered":"https:\/\/excela.hiseo.cz\/?page_id=37"},"modified":"2026-05-17T00:56:53","modified_gmt":"2026-05-16T22:56:53","slug":"financni-rizeni","status":"publish","type":"page","link":"https:\/\/excela.hiseo.cz\/?page_id=37","title":{"rendered":"Finan\u010dn\u00ed \u0159\u00edzen\u00ed"},"content":{"rendered":"\t\t<div data-elementor-type=\"wp-page\" data-elementor-id=\"37\" class=\"elementor elementor-37\" data-elementor-post-type=\"page\">\n\t\t\t\t<div class=\"elementor-element elementor-element-61b861a5 e-con-full e-flex e-con e-parent\" data-id=\"61b861a5\" data-element_type=\"container\" data-e-type=\"container\">\n\t\t\t\t<div class=\"elementor-element elementor-element-3bef9fdc elementor-invisible elementor-widget elementor-widget-heading\" data-id=\"3bef9fdc\" data-element_type=\"widget\" data-e-type=\"widget\" data-settings=\"{&quot;_animation&quot;:&quot;slideInUp&quot;}\" data-widget_type=\"heading.default\">\n\t\t\t\t\t<h2 class=\"elementor-heading-title elementor-size-default\">\u0158\u00cdZEN\u00cd<\/h2>\t\t\t\t<\/div>\n\t\t<div class=\"elementor-element elementor-element-279ae64d e-flex e-con-boxed e-con e-child\" data-id=\"279ae64d\" data-element_type=\"container\" data-e-type=\"container\">\n\t\t\t\t\t<div class=\"e-con-inner\">\n\t\t<div class=\"elementor-element elementor-element-64141e18 e-con-full e-flex elementor-invisible e-con e-child\" data-id=\"64141e18\" data-element_type=\"container\" data-e-type=\"container\" data-settings=\"{&quot;animation&quot;:&quot;slideInUp&quot;}\">\n\t\t\t\t<div class=\"elementor-element elementor-element-466cc84f elementor-widget elementor-widget-image\" data-id=\"466cc84f\" data-element_type=\"widget\" data-e-type=\"widget\" data-widget_type=\"image.default\">\n\t\t\t\t\t\t\t\t\t\t\t\t\t\t\t<img decoding=\"async\" src=\"https:\/\/excela.hiseo.cz\/wp-content\/plugins\/elementor\/assets\/images\/placeholder.png\" title=\"\" alt=\"\" loading=\"lazy\" \/>\t\t\t\t\t\t\t\t\t\t\t\t\t\t\t<\/div>\n\t\t\t\t<\/div>\n\t\t<div class=\"elementor-element elementor-element-eed8794 e-con-full animated-slow e-flex elementor-invisible e-con e-child\" data-id=\"eed8794\" data-element_type=\"container\" data-e-type=\"container\" data-settings=\"{&quot;background_background&quot;:&quot;gradient&quot;,&quot;animation&quot;:&quot;slideInUp&quot;,&quot;animation_delay&quot;:300}\">\n\t\t\t\t<div class=\"elementor-element elementor-element-2f3d72e8 elementor-widget elementor-widget-heading\" data-id=\"2f3d72e8\" data-element_type=\"widget\" data-e-type=\"widget\" data-widget_type=\"heading.default\">\n\t\t\t\t\t<h2 class=\"elementor-heading-title elementor-size-default\">Finan\u010dn\u00ed \u0159\u00edzen\u00ed<\/h2>\t\t\t\t<\/div>\n\t\t\t\t<div class=\"elementor-element elementor-element-e33b01 elementor-widget elementor-widget-text-editor\" data-id=\"e33b01\" data-element_type=\"widget\" data-e-type=\"widget\" data-widget_type=\"text-editor.default\">\n\t\t\t\t\t\t\t\t\t<p>Pom\u00e1h\u00e1me v\u00e1m efektivn\u011b \u0159\u00eddit finan\u010dn\u00ed toky ve va\u0161\u00ed spole\u010dnosti a zajistit dlouhodobou finan\u010dn\u00ed stabilitu.<\/p><p>Na\u0161i specialist\u00e9 se zam\u011b\u0159uj\u00ed na optimalizaci finan\u010dn\u00edch proces\u016f, zlep\u0161en\u00ed cash flow a zaji\u0161t\u011bn\u00ed ziskovosti. A\u0165 u\u017e pot\u0159ebujete audit, poradenstv\u00ed nebo komplexn\u00ed finan\u010dn\u00ed strategii, jsme p\u0159ipraveni v\u00e1m pomoci dos\u00e1hnout va\u0161ich obchodn\u00edch c\u00edl\u016f.<\/p>\t\t\t\t\t\t\t\t<\/div>\n\t\t\t\t<\/div>\n\t\t\t\t\t<\/div>\n\t\t\t\t<\/div>\n\t\t<div class=\"elementor-element elementor-element-689b03b6 e-con-full e-flex e-con e-child\" data-id=\"689b03b6\" data-element_type=\"container\" data-e-type=\"container\">\n\t\t<div class=\"elementor-element elementor-element-49bfe02f e-flex e-con-boxed e-con e-child\" data-id=\"49bfe02f\" data-element_type=\"container\" data-e-type=\"container\">\n\t\t\t\t\t<div class=\"e-con-inner\">\n\t\t<div class=\"elementor-element elementor-element-25c5dfc3 e-con-full e-flex e-con e-child\" data-id=\"25c5dfc3\" data-element_type=\"container\" data-e-type=\"container\">\n\t\t\t\t<div class=\"elementor-element elementor-element-2e3d1b7f elementor-widget elementor-widget-heading\" data-id=\"2e3d1b7f\" data-element_type=\"widget\" data-e-type=\"widget\" data-widget_type=\"heading.default\">\n\t\t\t\t\t<h2 class=\"elementor-heading-title elementor-size-default\">Optimalizace finan\u010dn\u00edch proces\u016f<\/h2>\t\t\t\t<\/div>\n\t\t\t\t<div class=\"elementor-element elementor-element-5e481f96 elementor-widget elementor-widget-text-editor\" data-id=\"5e481f96\" data-element_type=\"widget\" data-e-type=\"widget\" data-widget_type=\"text-editor.default\">\n\t\t\t\t\t\t\t\t\t<p>Analyzujeme st\u00e1vaj\u00edc\u00ed finan\u010dn\u00ed procesy a hled\u00e1me zp\u016fsoby, jak zv\u00fd\u0161it jejich efektivitu. Na\u0161i odborn\u00edci v\u00e1m pomohou s pl\u00e1nov\u00e1n\u00edm rozpo\u010dtu, sni\u017eov\u00e1n\u00edm n\u00e1klad\u016f a zlep\u0161en\u00edm finan\u010dn\u00ed kontroly, abyste m\u011bli v\u011bt\u0161\u00ed jistotu v pl\u00e1nov\u00e1n\u00ed budouc\u00edch krok\u016f.<\/p>\t\t\t\t\t\t\t\t<\/div>\n\t\t\t\t<\/div>\n\t\t<div class=\"elementor-element elementor-element-41e0ac84 e-con-full e-flex e-con e-child\" data-id=\"41e0ac84\" data-element_type=\"container\" data-e-type=\"container\">\n\t\t\t\t<div class=\"elementor-element elementor-element-4b34f5e8 elementor-widget elementor-widget-heading\" data-id=\"4b34f5e8\" data-element_type=\"widget\" data-e-type=\"widget\" data-widget_type=\"heading.default\">\n\t\t\t\t\t<h2 class=\"elementor-heading-title elementor-size-default\">Zlep\u0161en\u00ed cash flow a ziskovosti<\/h2>\t\t\t\t<\/div>\n\t\t\t\t<div class=\"elementor-element elementor-element-286c9b47 elementor-widget elementor-widget-text-editor\" data-id=\"286c9b47\" data-element_type=\"widget\" data-e-type=\"widget\" data-widget_type=\"text-editor.default\">\n\t\t\t\t\t\t\t\t\t<p>Pom\u00e1h\u00e1me v\u00e1m optimalizovat \u0159\u00edzen\u00ed pohled\u00e1vek, z\u00e1vazk\u016f a pracovn\u00edho kapit\u00e1lu, co\u017e vede k lep\u0161\u00ed likvidit\u011b a vy\u0161\u0161\u00ed ziskovosti. Na\u0161e slu\u017eby zahrnuj\u00ed anal\u00fdzu v\u00fdkonnosti jednotliv\u00fdch projekt\u016f a n\u00e1vrhy na zlep\u0161en\u00ed finan\u010dn\u00edho zdrav\u00ed firmy.<\/p>\t\t\t\t\t\t\t\t<\/div>\n\t\t\t\t<\/div>\n\t\t<div class=\"elementor-element elementor-element-7566549b e-con-full e-flex e-con e-child\" data-id=\"7566549b\" data-element_type=\"container\" data-e-type=\"container\">\n\t\t\t\t<div class=\"elementor-element elementor-element-9d2e1c7 elementor-widget elementor-widget-heading\" data-id=\"9d2e1c7\" data-element_type=\"widget\" data-e-type=\"widget\" data-widget_type=\"heading.default\">\n\t\t\t\t\t<h2 class=\"elementor-heading-title elementor-size-default\">Strategick\u00e9 finan\u010dn\u00ed poradenstv\u00ed<\/h2>\t\t\t\t<\/div>\n\t\t\t\t<div class=\"elementor-element elementor-element-7516f9f2 elementor-widget elementor-widget-text-editor\" data-id=\"7516f9f2\" data-element_type=\"widget\" data-e-type=\"widget\" data-widget_type=\"text-editor.default\">\n\t\t\t\t\t\t\t\t\t<p>Podporujeme v\u00e1s p\u0159i tvorb\u011b dlouhodob\u00e9 finan\u010dn\u00ed strategie, kter\u00e1 odpov\u00edd\u00e1 va\u0161im c\u00edl\u016fm a pot\u0159eb\u00e1m. Na\u0161i odborn\u00edci v\u00e1m pomohou se strategick\u00fdm pl\u00e1nov\u00e1n\u00edm, r\u016fstov\u00fdmi investicemi, finan\u010dn\u00edm \u0159\u00edzen\u00edm rizik a dal\u0161\u00edmi oblastmi, kter\u00e9 jsou kl\u00ed\u010dov\u00e9 pro v\u00e1\u0161 \u00fasp\u011bch na trhu.<\/p>\t\t\t\t\t\t\t\t<\/div>\n\t\t\t\t<\/div>\n\t\t<div class=\"elementor-element elementor-element-59149977 e-con-full e-flex e-con e-child\" data-id=\"59149977\" data-element_type=\"container\" data-e-type=\"container\">\n\t\t\t\t<div class=\"elementor-element elementor-element-daf76c elementor-widget elementor-widget-heading\" data-id=\"daf76c\" data-element_type=\"widget\" data-e-type=\"widget\" data-widget_type=\"heading.default\">\n\t\t\t\t\t<h2 class=\"elementor-heading-title elementor-size-default\">Interim management<\/h2>\t\t\t\t<\/div>\n\t\t\t\t<div class=\"elementor-element elementor-element-24a0c89 elementor-widget elementor-widget-text-editor\" data-id=\"24a0c89\" data-element_type=\"widget\" data-e-type=\"widget\" data-widget_type=\"text-editor.default\">\n\t\t\t\t\t\t\t\t\t<p>V p\u0159\u00edpadech, kdy je pot\u0159eba do\u010dasn\u011b obsadit pozici finan\u010dn\u00edho \u0159editele (CFO) nebo jin\u00e9ho kl\u00ed\u010dov\u00e9ho finan\u010dn\u00edho mana\u017eera, nab\u00edz\u00edme interim management. Tento kr\u00e1tkodob\u00fd p\u0159\u00edstup v\u00e1m umo\u017en\u00ed udr\u017eet kontinuitu a stabilitu financ\u00ed b\u011bhem p\u0159echodn\u00e9ho obdob\u00ed. Na\u0161i mana\u017ee\u0159i rychle zapadnou do va\u0161eho t\u00fdmu a za\u010dnou efektivn\u011b pracovat na dosa\u017een\u00ed va\u0161ich c\u00edl\u016f.<\/p>\t\t\t\t\t\t\t\t<\/div>\n\t\t\t\t<\/div>\n\t\t\t\t\t<\/div>\n\t\t\t\t<\/div>\n\t\t\t\t<\/div>\n\t\t\t\t<\/div>\n\t\t\t\t<\/div>\n\t\t","protected":false},"excerpt":{"rendered":"<p>\u0158\u00cdZEN\u00cd Pom\u00e1h\u00e1me v\u00e1m efektivn\u011b \u0159\u00eddit finan\u010dn\u00ed toky ve va\u0161\u00ed spole\u010dnosti a zajistit dlouhodobou finan\u010dn\u00ed stabilitu. Na\u0161i specialist\u00e9 se zam\u011b\u0159uj\u00ed na optimalizaci finan\u010dn\u00edch proces\u016f, zlep\u0161en\u00ed cash flow a zaji\u0161t\u011bn\u00ed ziskovosti. A\u0165 u\u017e pot\u0159ebujete audit, poradenstv\u00ed nebo komplexn\u00ed finan\u010dn\u00ed strategii, jsme p\u0159ipraveni v\u00e1m pomoci dos\u00e1hnout va\u0161ich obchodn\u00edch c\u00edl\u016f. Optimalizace finan\u010dn\u00edch proces\u016f Analyzujeme st\u00e1vaj\u00edc\u00ed finan\u010dn\u00ed procesy a hled\u00e1me [&hellip;]<\/p>\n","protected":false},"author":1,"featured_media":0,"parent":0,"menu_order":0,"comment_status":"closed","ping_status":"closed","template":"","meta":{"footnotes":""},"class_list":["post-37","page","type-page","status-publish","hentry"],"_links":{"self":[{"href":"https:\/\/excela.hiseo.cz\/index.php?rest_route=\/wp\/v2\/pages\/37","targetHints":{"allow":["GET"]}}],"collection":[{"href":"https:\/\/excela.hiseo.cz\/index.php?rest_route=\/wp\/v2\/pages"}],"about":[{"href":"https:\/\/excela.hiseo.cz\/index.php?rest_route=\/wp\/v2\/types\/page"}],"author":[{"embeddable":true,"href":"https:\/\/excela.hiseo.cz\/index.php?rest_route=\/wp\/v2\/users\/1"}],"replies":[{"embeddable":true,"href":"https:\/\/excela.hiseo.cz\/index.php?rest_route=%2Fwp%2Fv2%2Fcomments&post=37"}],"version-history":[{"count":4,"href":"https:\/\/excela.hiseo.cz\/index.php?rest_route=\/wp\/v2\/pages\/37\/revisions"}],"predecessor-version":[{"id":100,"href":"https:\/\/excela.hiseo.cz\/index.php?rest_route=\/wp\/v2\/pages\/37\/revisions\/100"}],"wp:attachment":[{"href":"https:\/\/excela.hiseo.cz\/index.php?rest_route=%2Fwp%2Fv2%2Fmedia&parent=37"}],"curies":[{"name":"wp","href":"https:\/\/api.w.org\/{rel}","templated":true}]}}